{"id":864,"date":"2019-10-17T10:15:58","date_gmt":"2019-10-17T10:15:58","guid":{"rendered":"https:\/\/www.vrata-adriatico.hr\/o-nama\/"},"modified":"2021-07-28T15:29:07","modified_gmt":"2021-07-28T14:29:07","slug":"chi-siamo","status":"publish","type":"page","link":"https:\/\/www.vrata-adriatico.hr\/it\/chi-siamo\/","title":{"rendered":"Chi Siamo"},"content":{"rendered":"<div id='full_slider_1'  class='avia-fullwidth-slider main_color avia-shadow   avia-builder-el-0  el_before_av_section  avia-builder-el-first   container_wrap fullsize' style=' '  ><div   data-size='featured_large'  data-lightbox_size='large'  data-animation='fade'  data-conditional_play=''  data-ids='298'  data-video_counter='0'  data-autoplay='true'  data-bg_slider='false'  data-slide_height=''  data-handle='av_slideshow_full'  data-interval='5'  data-class=' '  data-el_id=''  data-css_id=''  data-scroll_down=''  data-control_layout='av-control-hidden'  data-custom_markup=''  data-perma_caption=''  data-autoplay_stopper=''  data-image_attachment=''  data-min_height='0px'  data-src=''  data-position='top left'  data-repeat='no-repeat'  data-attach='scroll'  data-stretch=''  data-default-height='42'  class='avia-slideshow avia-slideshow-1  av-control-hidden av-default-height-applied avia-slideshow-featured_large av_slideshow_full   avia-fade-slider '  itemprop=\"image\" itemscope=\"itemscope\" itemtype=\"https:\/\/schema.org\/ImageObject\" ><ul class='avia-slideshow-inner ' style='padding-bottom: 42%;' ><li  class=' av-single-slide slide-1 ' ><div data-rel='slideshow-1' class='avia-slide-wrap '   ><div class = \"caption_fullwidth av-slideshow-caption caption_center\"><div class = \"container caption_container\"><div class = \"slideshow_caption\"><div class = \"slideshow_inner_caption\"><div class = \"slideshow_align_caption\"><h2  style='font-size:55px; ' class='avia-caption-title  '  itemprop=\"name\" >Chi Siamo<\/h2><\/div><\/div><\/div><\/div><\/div><img src='https:\/\/www.vrata-adriatico.hr\/wp-content\/uploads\/2019\/10\/O-nama_1-A-1500x630.jpg' width='1500' height='630' title='O nama_1 A' alt=''  itemprop=\"thumbnailUrl\"   \/><div class='av-section-color-overlay' style='opacity: 0.1; background-color: #000000; '><\/div><\/div><\/li><\/ul><\/div><\/div>\n<div id='av_section_1'  class='avia-section main_color avia-section-default avia-no-border-styling avia-bg-style-scroll  avia-builder-el-1  el_after_av_slideshow_full  el_before_av_section   av-minimum-height av-minimum-height-25  container_wrap fullsize' style=' '   data-av_minimum_height_pc='25'><div class='container' ><div class='template-page content  av-content-full alpha units'><div class='post-entry post-entry-type-page post-entry-864'><div class='entry-content-wrapper clearfix'>\n<div class='flex_column_table av-equal-height-column-flextable -flextable' ><div class=\"flex_column av_one_full  flex_column_table_cell av-equal-height-column av-align-middle av-zero-column-padding first  avia-builder-el-2  avia-builder-el-no-sibling  \" style='border-radius:0px; '><section class=\"av_textblock_section \"  itemscope=\"itemscope\" itemtype=\"https:\/\/schema.org\/CreativeWork\" ><div class='avia_textblock  '   itemprop=\"text\" ><p style=\"text-align: center;\">Vrata Adriatico d.o.o. opera nell\u2019ambito del gruppo Falerlegno, azienda fondata nel 1977. Oggi Falerlegno consiste di 2 sedi di produzione: nella sede di Piane di Falerone (FM), su un&#8217;area di 22000mq si producono principalmente telai e mostre\/coprifili, mentre nella sede di Potenza Picena (MC) si effettuano le lavorazioni di pantografatura e laccatura, oltre alla lavorazione per le porte finite. A Montelabbate (PU), la Falerpannelli, altra societ\u00e0 del gruppo, avviene la produzione dei pannelli. Falerlegno permette un costante approvviggionamento di prodotti semilavorati di varie misure e dimensioni, e di prodotti finiti personalizzati, il che la rende un partner ideale sia per l&#8217;artigianato che per la grande industria. Grazie alla dedizione dei suoi fondatori e all&#8217;utilizzo delle migliori materie prime ed impianti produttivi all&#8217;avanguardia, Falerlegno riesce ad offrire uno standard di qualit\u00e0 elevata a prezzi competitivi.<\/p>\n<\/div><\/section><\/div><\/div><!--close column table wrapper. Autoclose: 1 --><\/div><\/div><\/div><!-- close content main div --><\/div><\/div><div id='av_section_2'  class='avia-section main_color avia-section-default avia-no-border-styling av-section-color-overlay-active avia-bg-style-fixed  avia-builder-el-4  el_after_av_section  el_before_av_section   av-minimum-height av-minimum-height-50  container_wrap fullsize' style='background-repeat: no-repeat; background-image: url(https:\/\/www.vrata-adriatico.hr\/wp-content\/uploads\/2020\/01\/O-NAMA_scroll-efekt.jpg);background-attachment: fixed; background-position: center center;  '  data-section-bg-repeat='no-repeat' data-av_minimum_height_pc='50'><div class='av-section-color-overlay-wrap'><div class='av-section-color-overlay' style='opacity: 0.2; background-color: #000000; '><\/div><div class='container' ><div class='template-page content  av-content-full alpha units'><div class='post-entry post-entry-type-page post-entry-864'><div class='entry-content-wrapper clearfix'>\n<div class='flex_column_table av-equal-height-column-flextable -flextable' ><div class=\"flex_column av_one_full  flex_column_table_cell av-equal-height-column av-align-middle av-zero-column-padding first  avia-builder-el-5  avia-builder-el-no-sibling  \" style='border-radius:0px; '><p><div  style='padding-bottom:20px; color:#ffffff;' class='av-special-heading av-special-heading-h1 custom-color-heading blockquote modern-quote  avia-builder-el-6  el_before_av_textblock  avia-builder-el-first  '><h1 class='av-special-heading-tag '  itemprop=\"headline\"  >Vantaggi<\/h1><div class='special-heading-border'><div class='special-heading-inner-border' style='border-color:#ffffff'><\/div><\/div><\/div><br \/>\n<section class=\"av_textblock_section \"  itemscope=\"itemscope\" itemtype=\"https:\/\/schema.org\/CreativeWork\" ><div class='avia_textblock  av_inherit_color '  style='color:#ffffff; '  itemprop=\"text\" ><p>Con una capacit\u00e0 produttiva di 800 porte al giorno, Falerlegno \u00e8 in grado di ottenere un vantaggio competitivo nella velocit\u00e0 di produzione, mentre la disponibilit\u00e0 e capacit\u00e0 di stoccaggio del magazzino ci consente di ridurre i tempi di consegna. Offre la qualit\u00e0 affidabile del \u201cMade in Italy\u201d; tutti gli elementi delle porte sono prodotti esclusivamente in Italia mentre lo staff professionale risolve tutti i vostri problemi, consiglia e risolve eventuali dubbi nella scelta della linea o del montaggio adatto.<\/p>\n<\/div><\/section><\/p><\/div><\/div><!--close column table wrapper. Autoclose: 1 --><\/div><\/div><\/div><!-- close content main div --><\/div><\/div><\/div><div id='av_section_3'  class='avia-section main_color avia-section-default avia-no-border-styling avia-bg-style-scroll  avia-builder-el-8  el_after_av_section  el_before_av_section   container_wrap fullsize' style=' '  ><div class='container' ><div class='template-page content  av-content-full alpha units'><div class='post-entry post-entry-type-page post-entry-864'><div class='entry-content-wrapper clearfix'>\n<div class='flex_column_table av-equal-height-column-flextable -flextable' ><div class=\"flex_column av_two_third  flex_column_table_cell av-equal-height-column av-align-middle av-zero-column-padding first  avia-builder-el-9  el_before_av_one_third  avia-builder-el-first  \" style='border-radius:0px; '><p><div  style='padding-bottom:20px; ' class='av-special-heading av-special-heading-h1  blockquote modern-quote  avia-builder-el-10  el_before_av_textblock  avia-builder-el-first  '><h1 class='av-special-heading-tag '  itemprop=\"headline\"  >Pannelli<\/h1><div class='special-heading-border'><div class='special-heading-inner-border' ><\/div><\/div><\/div><br \/>\n<section class=\"av_textblock_section \"  itemscope=\"itemscope\" itemtype=\"https:\/\/schema.org\/CreativeWork\" ><div class='avia_textblock  '   itemprop=\"text\" ><p>I listelli di abete all&#8217;interno del pannello sono uniti con la tecnica \u201cfinger joint\u201c che garantisce una durevole stabilit\u00e0 della struttura. L\u2019isolamento interno \u00e8 ottenuto con alveolare. Le cartelline sono in MDF dello spessore di 4mm, ed il bordo su 3 lati in ABS.<\/p>\n<\/div><\/section><\/p><\/div><div class='av-flex-placeholder'><\/div><div class=\"flex_column av_one_third  flex_column_table_cell av-equal-height-column av-align-middle av-zero-column-padding   avia-builder-el-12  el_after_av_two_third  avia-builder-el-last  \" style='border-radius:0px; '><div  class='avia-image-container  av-styling-    avia-builder-el-13  avia-builder-el-no-sibling  avia-align-center '  itemprop=\"image\" itemscope=\"itemscope\" itemtype=\"https:\/\/schema.org\/ImageObject\"  ><div class='avia-image-container-inner'><div class='avia-image-overlay-wrap'><img class='avia_image' src='https:\/\/www.vrata-adriatico.hr\/wp-content\/uploads\/2020\/01\/O-NAMA_vratna-krila-Medium.jpg' alt='' title='' height=\"768\" width=\"1153\"  itemprop=\"thumbnailUrl\"  \/><\/div><\/div><\/div><\/div><\/div><!--close column table wrapper. Autoclose: 1 --><\/div><\/div><\/div><!-- close content main div --><\/div><\/div><div id='av_section_4'  class='avia-section main_color avia-section-default avia-no-border-styling avia-bg-style-scroll  avia-builder-el-14  el_after_av_section  el_before_av_section   container_wrap fullsize' style='background-color: #e8e8e8;  '  ><div class='container' ><div class='template-page content  av-content-full alpha units'><div class='post-entry post-entry-type-page post-entry-864'><div class='entry-content-wrapper clearfix'>\n<div class='flex_column_table av-equal-height-column-flextable -flextable' ><div class=\"flex_column av_one_third  flex_column_table_cell av-equal-height-column av-align-middle av-zero-column-padding first  avia-builder-el-15  el_before_av_two_third  avia-builder-el-first  \" style='border-radius:0px; '><div  class='avia-image-container  av-styling-    avia-builder-el-16  avia-builder-el-no-sibling  avia-align-center '  itemprop=\"image\" itemscope=\"itemscope\" itemtype=\"https:\/\/schema.org\/ImageObject\"  ><div class='avia-image-container-inner'><div class='avia-image-overlay-wrap'><img class='avia_image' src='https:\/\/www.vrata-adriatico.hr\/wp-content\/uploads\/2020\/01\/O-NAMA_\u0161tokovi-Large.jpg' alt='' title='' height=\"1080\" width=\"1626\"  itemprop=\"thumbnailUrl\"  \/><\/div><\/div><\/div><\/div><div class='av-flex-placeholder'><\/div><div class=\"flex_column av_two_third  flex_column_table_cell av-equal-height-column av-align-middle av-zero-column-padding   avia-builder-el-17  el_after_av_one_third  avia-builder-el-last  \" style='border-radius:0px; '><p><div  style='padding-bottom:20px; ' class='av-special-heading av-special-heading-h1  blockquote modern-quote  avia-builder-el-18  el_before_av_textblock  avia-builder-el-first  '><h1 class='av-special-heading-tag '  itemprop=\"headline\"  >Telaio<\/h1><div class='special-heading-border'><div class='special-heading-inner-border' ><\/div><\/div><\/div><br \/>\n<section class=\"av_textblock_section \"  itemscope=\"itemscope\" itemtype=\"https:\/\/schema.org\/CreativeWork\" ><div class='avia_textblock  '   itemprop=\"text\" ><p>La nostra qualit\u00e0 si basa sulla scelta del legno per l\u2019intero corpo del telaio, preferibilmente abete, che lo rende pi\u00f9 leggero, garantisce un\u2019alta resistenza meccanica per cerniera, contribuisce all&#8217;elasticit\u00e0 e flessibilit\u00e0 propria del legno. L&#8217;impiego di HDF sottile (spessore massimo di 3mm) sull&#8217;intero perimetro del profilo rende la superficie perfettamente liscia, per prodotto rivestito senza alcuna imperfezione, e contribuisce all\u2019ulteriore stabilit\u00e0 del telaio.<\/p>\n<\/div><\/section><\/p><\/div><\/div><!--close column table wrapper. Autoclose: 1 --><\/div><\/div><\/div><!-- close content main div --><\/div><\/div><div id='av_section_5'  class='avia-section main_color avia-section-default avia-no-border-styling avia-bg-style-scroll  avia-builder-el-20  el_after_av_section  avia-builder-el-last   container_wrap fullsize' style=' '  ><div class='container' ><div class='template-page content  av-content-full alpha units'><div class='post-entry post-entry-type-page post-entry-864'><div class='entry-content-wrapper clearfix'>\n<div class='flex_column_table av-equal-height-column-flextable -flextable' ><div class=\"flex_column av_two_third  flex_column_table_cell av-equal-height-column av-align-middle av-zero-column-padding first  avia-builder-el-21  el_before_av_one_third  avia-builder-el-first  \" style='border-radius:0px; '><p><div  style='padding-bottom:20px; ' class='av-special-heading av-special-heading-h1  blockquote modern-quote  avia-builder-el-22  el_before_av_textblock  avia-builder-el-first  '><h1 class='av-special-heading-tag '  itemprop=\"headline\"  >Particolarit\u00e0<\/h1><div class='special-heading-border'><div class='special-heading-inner-border' ><\/div><\/div><\/div><br \/>\n<section class=\"av_textblock_section \"  itemscope=\"itemscope\" itemtype=\"https:\/\/schema.org\/CreativeWork\" ><div class='avia_textblock  '   itemprop=\"text\" ><p>Sul mercato \u00e8 possibile trovare telai con impiego di MDF in tutto il corpo e talvolta anche all&#8217;interno dei panelli. Utilizzando un MDF pi\u00f9 spesso, la parte centrale tende a sbriciolarsi assorbendo l&#8217;umidit\u00e0 il che torce e rovina il telaio. Il nostro vantaggio sta nell&#8217;impiego di un HDF idrorepellente pi\u00f9 sottile il che contribuisce ad una qualit\u00e0 pi\u00f9 elevata rendendo il prodotto pi\u00f9 durevole. Per la produzione usiamo il legno di abete rivestito con un HDF idrorepellente sottile il che conferisce una resistenza uniforme su tutto il corpo del telaio.<\/p>\n<\/div><\/section><\/p><\/div><div class='av-flex-placeholder'><\/div><div class=\"flex_column av_one_third  flex_column_table_cell av-equal-height-column av-align-middle av-zero-column-padding   avia-builder-el-24  el_after_av_two_third  avia-builder-el-last  \" style='border-radius:0px; '><div  class='avia-image-container  av-styling-    avia-builder-el-25  avia-builder-el-no-sibling  avia-align-center '  itemprop=\"image\" itemscope=\"itemscope\" itemtype=\"https:\/\/schema.org\/ImageObject\"  ><div class='avia-image-container-inner'><div class='avia-image-overlay-wrap'><img class='avia_image' src='https:\/\/www.vrata-adriatico.hr\/wp-content\/uploads\/2020\/01\/O-NAMA_prednosti_crop-Large.jpg' alt='' title='' height=\"1080\" width=\"1558\"  itemprop=\"thumbnailUrl\"  \/><\/div><\/div><\/div><\/div><\/div><!--close column table wrapper. Autoclose: 1 --><\/p>\n","protected":false},"excerpt":{"rendered":"","protected":false},"author":1,"featured_media":0,"parent":0,"menu_order":0,"comment_status":"closed","ping_status":"closed","template":"","meta":{"footnotes":""},"class_list":["post-864","page","type-page","status-publish","hentry"],"yoast_head":"<!-- This site is optimized with the Yoast SEO plugin v24.5 - https:\/\/yoast.com\/wordpress\/plugins\/seo\/ -->\n<title>Chi Siamo - Vrata Adriatico<\/title>\n<meta name=\"robots\" content=\"index, follow, max-snippet:-1, max-image-preview:large, max-video-preview:-1\" \/>\n<link rel=\"canonical\" href=\"https:\/\/www.vrata-adriatico.hr\/it\/chi-siamo\/\" \/>\n<meta property=\"og:locale\" content=\"it_IT\" \/>\n<meta property=\"og:type\" content=\"article\" \/>\n<meta property=\"og:title\" content=\"Chi Siamo - Vrata Adriatico\" \/>\n<meta property=\"og:url\" content=\"https:\/\/www.vrata-adriatico.hr\/it\/chi-siamo\/\" \/>\n<meta property=\"og:site_name\" content=\"Vrata Adriatico\" \/>\n<meta property=\"article:publisher\" content=\"https:\/\/www.facebook.com\/vrataAdriatico\/\" \/>\n<meta property=\"article:modified_time\" content=\"2021-07-28T14:29:07+00:00\" \/>\n<meta name=\"twitter:card\" content=\"summary_large_image\" \/>\n<meta name=\"twitter:label1\" content=\"Tempo di lettura stimato\" \/>\n\t<meta name=\"twitter:data1\" content=\"14 minuti\" \/>\n<script type=\"application\/ld+json\" class=\"yoast-schema-graph\">{\"@context\":\"https:\/\/schema.org\",\"@graph\":[{\"@type\":\"WebPage\",\"@id\":\"https:\/\/www.vrata-adriatico.hr\/it\/chi-siamo\/\",\"url\":\"https:\/\/www.vrata-adriatico.hr\/it\/chi-siamo\/\",\"name\":\"Chi Siamo - Vrata Adriatico\",\"isPartOf\":{\"@id\":\"https:\/\/www.vrata-adriatico.hr\/#website\"},\"datePublished\":\"2019-10-17T10:15:58+00:00\",\"dateModified\":\"2021-07-28T14:29:07+00:00\",\"breadcrumb\":{\"@id\":\"https:\/\/www.vrata-adriatico.hr\/it\/chi-siamo\/#breadcrumb\"},\"inLanguage\":\"it-IT\",\"potentialAction\":[{\"@type\":\"ReadAction\",\"target\":[\"https:\/\/www.vrata-adriatico.hr\/it\/chi-siamo\/\"]}]},{\"@type\":\"BreadcrumbList\",\"@id\":\"https:\/\/www.vrata-adriatico.hr\/it\/chi-siamo\/#breadcrumb\",\"itemListElement\":[{\"@type\":\"ListItem\",\"position\":1,\"name\":\"Home\",\"item\":\"https:\/\/www.vrata-adriatico.hr\/it\/\"},{\"@type\":\"ListItem\",\"position\":2,\"name\":\"Chi Siamo\"}]},{\"@type\":\"WebSite\",\"@id\":\"https:\/\/www.vrata-adriatico.hr\/#website\",\"url\":\"https:\/\/www.vrata-adriatico.hr\/\",\"name\":\"Vrata Adriatico\",\"description\":\"Unutarnja Sobna Vrata\",\"publisher\":{\"@id\":\"https:\/\/www.vrata-adriatico.hr\/#organization\"},\"potentialAction\":[{\"@type\":\"SearchAction\",\"target\":{\"@type\":\"EntryPoint\",\"urlTemplate\":\"https:\/\/www.vrata-adriatico.hr\/?s={search_term_string}\"},\"query-input\":{\"@type\":\"PropertyValueSpecification\",\"valueRequired\":true,\"valueName\":\"search_term_string\"}}],\"inLanguage\":\"it-IT\"},{\"@type\":\"Organization\",\"@id\":\"https:\/\/www.vrata-adriatico.hr\/#organization\",\"name\":\"Vrata Adriatico\",\"url\":\"https:\/\/www.vrata-adriatico.hr\/\",\"logo\":{\"@type\":\"ImageObject\",\"inLanguage\":\"it-IT\",\"@id\":\"https:\/\/www.vrata-adriatico.hr\/#\/schema\/logo\/image\/\",\"url\":\"https:\/\/www.vrata-adriatico.hr\/wp-content\/uploads\/2019\/10\/favicon.png\",\"contentUrl\":\"https:\/\/www.vrata-adriatico.hr\/wp-content\/uploads\/2019\/10\/favicon.png\",\"width\":376,\"height\":376,\"caption\":\"Vrata Adriatico\"},\"image\":{\"@id\":\"https:\/\/www.vrata-adriatico.hr\/#\/schema\/logo\/image\/\"},\"sameAs\":[\"https:\/\/www.facebook.com\/vrataAdriatico\/\"]}]}<\/script>\n<!-- \/ Yoast SEO plugin. -->","yoast_head_json":{"title":"Chi Siamo - Vrata Adriatico","robots":{"index":"index","follow":"follow","max-snippet":"max-snippet:-1","max-image-preview":"max-image-preview:large","max-video-preview":"max-video-preview:-1"},"canonical":"https:\/\/www.vrata-adriatico.hr\/it\/chi-siamo\/","og_locale":"it_IT","og_type":"article","og_title":"Chi Siamo - Vrata Adriatico","og_url":"https:\/\/www.vrata-adriatico.hr\/it\/chi-siamo\/","og_site_name":"Vrata Adriatico","article_publisher":"https:\/\/www.facebook.com\/vrataAdriatico\/","article_modified_time":"2021-07-28T14:29:07+00:00","twitter_card":"summary_large_image","twitter_misc":{"Tempo di lettura stimato":"14 minuti"},"schema":{"@context":"https:\/\/schema.org","@graph":[{"@type":"WebPage","@id":"https:\/\/www.vrata-adriatico.hr\/it\/chi-siamo\/","url":"https:\/\/www.vrata-adriatico.hr\/it\/chi-siamo\/","name":"Chi Siamo - Vrata Adriatico","isPartOf":{"@id":"https:\/\/www.vrata-adriatico.hr\/#website"},"datePublished":"2019-10-17T10:15:58+00:00","dateModified":"2021-07-28T14:29:07+00:00","breadcrumb":{"@id":"https:\/\/www.vrata-adriatico.hr\/it\/chi-siamo\/#breadcrumb"},"inLanguage":"it-IT","potentialAction":[{"@type":"ReadAction","target":["https:\/\/www.vrata-adriatico.hr\/it\/chi-siamo\/"]}]},{"@type":"BreadcrumbList","@id":"https:\/\/www.vrata-adriatico.hr\/it\/chi-siamo\/#breadcrumb","itemListElement":[{"@type":"ListItem","position":1,"name":"Home","item":"https:\/\/www.vrata-adriatico.hr\/it\/"},{"@type":"ListItem","position":2,"name":"Chi Siamo"}]},{"@type":"WebSite","@id":"https:\/\/www.vrata-adriatico.hr\/#website","url":"https:\/\/www.vrata-adriatico.hr\/","name":"Vrata Adriatico","description":"Unutarnja Sobna Vrata","publisher":{"@id":"https:\/\/www.vrata-adriatico.hr\/#organization"},"potentialAction":[{"@type":"SearchAction","target":{"@type":"EntryPoint","urlTemplate":"https:\/\/www.vrata-adriatico.hr\/?s={search_term_string}"},"query-input":{"@type":"PropertyValueSpecification","valueRequired":true,"valueName":"search_term_string"}}],"inLanguage":"it-IT"},{"@type":"Organization","@id":"https:\/\/www.vrata-adriatico.hr\/#organization","name":"Vrata Adriatico","url":"https:\/\/www.vrata-adriatico.hr\/","logo":{"@type":"ImageObject","inLanguage":"it-IT","@id":"https:\/\/www.vrata-adriatico.hr\/#\/schema\/logo\/image\/","url":"https:\/\/www.vrata-adriatico.hr\/wp-content\/uploads\/2019\/10\/favicon.png","contentUrl":"https:\/\/www.vrata-adriatico.hr\/wp-content\/uploads\/2019\/10\/favicon.png","width":376,"height":376,"caption":"Vrata Adriatico"},"image":{"@id":"https:\/\/www.vrata-adriatico.hr\/#\/schema\/logo\/image\/"},"sameAs":["https:\/\/www.facebook.com\/vrataAdriatico\/"]}]}},"_links":{"self":[{"href":"https:\/\/www.vrata-adriatico.hr\/it\/wp-json\/wp\/v2\/pages\/864","targetHints":{"allow":["GET"]}}],"collection":[{"href":"https:\/\/www.vrata-adriatico.hr\/it\/wp-json\/wp\/v2\/pages"}],"about":[{"href":"https:\/\/www.vrata-adriatico.hr\/it\/wp-json\/wp\/v2\/types\/page"}],"author":[{"embeddable":true,"href":"https:\/\/www.vrata-adriatico.hr\/it\/wp-json\/wp\/v2\/users\/1"}],"replies":[{"embeddable":true,"href":"https:\/\/www.vrata-adriatico.hr\/it\/wp-json\/wp\/v2\/comments?post=864"}],"version-history":[{"count":3,"href":"https:\/\/www.vrata-adriatico.hr\/it\/wp-json\/wp\/v2\/pages\/864\/revisions"}],"predecessor-version":[{"id":1243,"href":"https:\/\/www.vrata-adriatico.hr\/it\/wp-json\/wp\/v2\/pages\/864\/revisions\/1243"}],"wp:attachment":[{"href":"https:\/\/www.vrata-adriatico.hr\/it\/wp-json\/wp\/v2\/media?parent=864"}],"curies":[{"name":"wp","href":"https:\/\/api.w.org\/{rel}","templated":true}]}}